{"id":7502,"date":"2025-08-05T18:36:33","date_gmt":"2025-08-05T16:36:33","guid":{"rendered":"https:\/\/nextreklama.pl\/?page_id=7502"},"modified":"2026-05-09T00:33:48","modified_gmt":"2026-05-08T22:33:48","slug":"window-graphics-storefront-wrapping","status":"publish","type":"page","link":"https:\/\/nextreklama.pl\/index.php\/en\/window-graphics-storefront-wrapping\/","title":{"rendered":"Window Graphics &#038; Storefront Wrapping"},"content":{"rendered":"<div class=\"wpb-content-wrapper\"><p>[vc_row][vc_column][vc_column_text css=&#8221;&#8221;]Storefronts. Sometimes they are even more important than the goods offered inside. They are the first line of the advertising front. They must harness the flow of the street, intrigue passersby, attract attention, and spark the desire to reach for a wallet. It is no wonder they are often considered small works of art. We offer high-quality craftsmanship\u2014interestingly constructed advertising. We apply gloss or matte vinyl to windows, from both the outside and the inside. We also recommend a special &#8222;sandblasted effect&#8221; achieved with &#8222;window art&#8221; film. The final result is completed by a carefully selected graphic design. Upon request, we can also create three-dimensional effects.[\/vc_column_text][vc_empty_space height=&#8221;15px&#8221;][vc_column_text]<strong>Jeste\u015bmy wzrokowcami. Zachwyca nas pi\u0119kno, cenimy dobry styl,<\/strong><br \/>\n<strong>przyci\u0105gaj\u0105 nas wyraziste i czytelne obrazy. Dajmy oczom dobrze zje\u015b\u0107.<\/strong>[\/vc_column_text][vc_empty_space][\/vc_column][\/vc_row][vc_row row_type=&#8221;parallax&#8221; content_width=&#8221;grid&#8221; content_aligment=&#8221;center&#8221; full_screen_section_height=&#8221;no&#8221;][vc_column]<div class=\"edgtf-image-gallery\">\n\t<div class=\"edgtf-image-gallery-grid edgtf-gallery-columns-4 edgtf-grayscale\" >\n\t\t\t\t\t<div class=\"edgtf-gallery-image\">\n\t\t\t\t\t\t\t\t<a href=\"https:\/\/nextreklama.pl\/wp-content\/uploads\/2025\/08\/swinoujscie.jpg\" data-rel=\"prettyPhoto[single_pretty_photo]\" title=\"Oklejanie szyb i witryn\">\n\t\t\t\t\t\t\t\t\t\t\t\t\t\t\t\t<img loading=\"lazy\" decoding=\"async\" src=\"https:\/\/nextreklama.pl\/wp-content\/uploads\/2025\/08\/swinoujscie-320x250.jpg\" alt=\"Oklejanie szyb i witryn\" width=\"320\" height=\"250\" \/>\t\t\t\t\t\t\t\t\t\t\t\t\t\t<\/a>\n\t\t\t\t\t\t<\/div>\n\t\t\t\t\t<div class=\"edgtf-gallery-image\">\n\t\t\t\t\t\t\t\t<a href=\"https:\/\/nextreklama.pl\/wp-content\/uploads\/2025\/08\/twoja-kwiaciarnia.jpg\" data-rel=\"prettyPhoto[single_pretty_photo]\" title=\"twoja-kwiaciarnia\">\n\t\t\t\t\t\t\t\t\t\t\t\t\t\t\t\t<img loading=\"lazy\" decoding=\"async\" src=\"https:\/\/nextreklama.pl\/wp-content\/uploads\/2025\/08\/twoja-kwiaciarnia-320x250.jpg\" alt=\"\" width=\"320\" height=\"250\" \/>\t\t\t\t\t\t\t\t\t\t\t\t\t\t<\/a>\n\t\t\t\t\t\t<\/div>\n\t\t\t\t\t<div class=\"edgtf-gallery-image\">\n\t\t\t\t\t\t\t\t<a href=\"https:\/\/nextreklama.pl\/wp-content\/uploads\/2025\/08\/powstancow-1.jpg\" data-rel=\"prettyPhoto[single_pretty_photo]\" title=\"Oklejanie szyb i witryn\">\n\t\t\t\t\t\t\t\t\t\t\t\t\t\t\t\t<img loading=\"lazy\" decoding=\"async\" src=\"https:\/\/nextreklama.pl\/wp-content\/uploads\/2025\/08\/powstancow-1-320x250.jpg\" alt=\"Oklejanie szyb i witryn\" width=\"320\" height=\"250\" \/>\t\t\t\t\t\t\t\t\t\t\t\t\t\t<\/a>\n\t\t\t\t\t\t<\/div>\n\t\t\t\t\t<div class=\"edgtf-gallery-image\">\n\t\t\t\t\t\t\t\t<a href=\"https:\/\/nextreklama.pl\/wp-content\/uploads\/2025\/08\/powstancow3.jpg\" data-rel=\"prettyPhoto[single_pretty_photo]\" title=\"Oklejanie szyb i witryn\">\n\t\t\t\t\t\t\t\t\t\t\t\t\t\t\t\t<img loading=\"lazy\" decoding=\"async\" src=\"https:\/\/nextreklama.pl\/wp-content\/uploads\/2025\/08\/powstancow3-320x250.jpg\" alt=\"Oklejanie szyb i witryn\" width=\"320\" height=\"250\" \/>\t\t\t\t\t\t\t\t\t\t\t\t\t\t<\/a>\n\t\t\t\t\t\t<\/div>\n\t\t\t\t\t<div class=\"edgtf-gallery-image\">\n\t\t\t\t\t\t\t\t<a href=\"https:\/\/nextreklama.pl\/wp-content\/uploads\/2025\/08\/sklep.jpg\" data-rel=\"prettyPhoto[single_pretty_photo]\" title=\"Oklejanie szyb i witryn\">\n\t\t\t\t\t\t\t\t\t\t\t\t\t\t\t\t<img loading=\"lazy\" decoding=\"async\" src=\"https:\/\/nextreklama.pl\/wp-content\/uploads\/2025\/08\/sklep-320x250.jpg\" alt=\"Oklejanie szyb i witryn\" width=\"320\" height=\"250\" \/>\t\t\t\t\t\t\t\t\t\t\t\t\t\t<\/a>\n\t\t\t\t\t\t<\/div>\n\t\t\t\t\t<div class=\"edgtf-gallery-image\">\n\t\t\t\t\t\t\t\t<a href=\"https:\/\/nextreklama.pl\/wp-content\/uploads\/2025\/08\/pod-jaworem.jpg\" data-rel=\"prettyPhoto[single_pretty_photo]\" title=\"Oklejanie szyb i witryn\">\n\t\t\t\t\t\t\t\t\t\t\t\t\t\t\t\t<img loading=\"lazy\" decoding=\"async\" src=\"https:\/\/nextreklama.pl\/wp-content\/uploads\/2025\/08\/pod-jaworem-320x250.jpg\" alt=\"Oklejanie szyb i witryn\" width=\"320\" height=\"250\" \/>\t\t\t\t\t\t\t\t\t\t\t\t\t\t<\/a>\n\t\t\t\t\t\t<\/div>\n\t\t\t\t\t<div class=\"edgtf-gallery-image\">\n\t\t\t\t\t\t\t\t<a href=\"https:\/\/nextreklama.pl\/wp-content\/uploads\/2025\/08\/pod-wag.jpg\" data-rel=\"prettyPhoto[single_pretty_photo]\" title=\"Oklejanie szyb i witryn\">\n\t\t\t\t\t\t\t\t\t\t\t\t\t\t\t\t<img loading=\"lazy\" decoding=\"async\" src=\"https:\/\/nextreklama.pl\/wp-content\/uploads\/2025\/08\/pod-wag-320x250.jpg\" alt=\"Oklejanie szyb i witryn\" width=\"320\" height=\"250\" \/>\t\t\t\t\t\t\t\t\t\t\t\t\t\t<\/a>\n\t\t\t\t\t\t<\/div>\n\t\t\t\t\t<div class=\"edgtf-gallery-image\">\n\t\t\t\t\t\t\t\t<a href=\"https:\/\/nextreklama.pl\/wp-content\/uploads\/2025\/08\/polifarb.jpg\" data-rel=\"prettyPhoto[single_pretty_photo]\" title=\"Oklejanie szyb i witryn\">\n\t\t\t\t\t\t\t\t\t\t\t\t\t\t\t\t<img loading=\"lazy\" decoding=\"async\" src=\"https:\/\/nextreklama.pl\/wp-content\/uploads\/2025\/08\/polifarb-320x250.jpg\" alt=\"Oklejanie szyb i witryn\" width=\"320\" height=\"250\" \/>\t\t\t\t\t\t\t\t\t\t\t\t\t\t<\/a>\n\t\t\t\t\t\t<\/div>\n\t\t\t\t\t<div class=\"edgtf-gallery-image\">\n\t\t\t\t\t\t\t\t<a href=\"https:\/\/nextreklama.pl\/wp-content\/uploads\/2025\/08\/pod-waga1.jpg\" data-rel=\"prettyPhoto[single_pretty_photo]\" title=\"Oklejanie szyb i witryn\">\n\t\t\t\t\t\t\t\t\t\t\t\t\t\t\t\t<img loading=\"lazy\" decoding=\"async\" src=\"https:\/\/nextreklama.pl\/wp-content\/uploads\/2025\/08\/pod-waga1-320x250.jpg\" alt=\"Oklejanie szyb i witryn\" width=\"320\" height=\"250\" \/>\t\t\t\t\t\t\t\t\t\t\t\t\t\t<\/a>\n\t\t\t\t\t\t<\/div>\n\t\t\t\t\t<div class=\"edgtf-gallery-image\">\n\t\t\t\t\t\t\t\t<a href=\"https:\/\/nextreklama.pl\/wp-content\/uploads\/2025\/08\/party-deco.jpg\" data-rel=\"prettyPhoto[single_pretty_photo]\" title=\"Oklejanie szyb i witryn\">\n\t\t\t\t\t\t\t\t\t\t\t\t\t\t\t\t<img loading=\"lazy\" decoding=\"async\" src=\"https:\/\/nextreklama.pl\/wp-content\/uploads\/2025\/08\/party-deco-320x250.jpg\" alt=\"Oklejanie szyb i witryn\" width=\"320\" height=\"250\" \/>\t\t\t\t\t\t\t\t\t\t\t\t\t\t<\/a>\n\t\t\t\t\t\t<\/div>\n\t\t\t\t\t<div class=\"edgtf-gallery-image\">\n\t\t\t\t\t\t\t\t<a href=\"https:\/\/nextreklama.pl\/wp-content\/uploads\/2025\/08\/natura-zagan3.jpg\" data-rel=\"prettyPhoto[single_pretty_photo]\" title=\"Oklejanie szyb i witryn\">\n\t\t\t\t\t\t\t\t\t\t\t\t\t\t\t\t<img loading=\"lazy\" decoding=\"async\" src=\"https:\/\/nextreklama.pl\/wp-content\/uploads\/2025\/08\/natura-zagan3-320x250.jpg\" alt=\"Oklejanie szyb i witryn\" width=\"320\" height=\"250\" \/>\t\t\t\t\t\t\t\t\t\t\t\t\t\t<\/a>\n\t\t\t\t\t\t<\/div>\n\t\t\t\t\t<div class=\"edgtf-gallery-image\">\n\t\t\t\t\t\t\t\t<a href=\"https:\/\/nextreklama.pl\/wp-content\/uploads\/2025\/08\/lot.jpg\" data-rel=\"prettyPhoto[single_pretty_photo]\" title=\"Oklejanie szyb i witryn\">\n\t\t\t\t\t\t\t\t\t\t\t\t\t\t\t\t<img loading=\"lazy\" decoding=\"async\" src=\"https:\/\/nextreklama.pl\/wp-content\/uploads\/2025\/08\/lot-320x250.jpg\" alt=\"Oklejanie szyb i witryn\" width=\"320\" height=\"250\" \/>\t\t\t\t\t\t\t\t\t\t\t\t\t\t<\/a>\n\t\t\t\t\t\t<\/div>\n\t\t\t\t\t<div class=\"edgtf-gallery-image\">\n\t\t\t\t\t\t\t\t<a href=\"https:\/\/nextreklama.pl\/wp-content\/uploads\/2025\/08\/natura-remont.jpg\" data-rel=\"prettyPhoto[single_pretty_photo]\" title=\"Oklejanie szyb i witryn\">\n\t\t\t\t\t\t\t\t\t\t\t\t\t\t\t\t<img loading=\"lazy\" decoding=\"async\" src=\"https:\/\/nextreklama.pl\/wp-content\/uploads\/2025\/08\/natura-remont-320x250.jpg\" alt=\"Oklejanie szyb i witryn\" width=\"320\" height=\"250\" \/>\t\t\t\t\t\t\t\t\t\t\t\t\t\t<\/a>\n\t\t\t\t\t\t<\/div>\n\t\t\t\t\t<div class=\"edgtf-gallery-image\">\n\t\t\t\t\t\t\t\t<a href=\"https:\/\/nextreklama.pl\/wp-content\/uploads\/2025\/08\/natura-zagan-4-1.jpg\" data-rel=\"prettyPhoto[single_pretty_photo]\" title=\"Oklejanie szyb i witryn\">\n\t\t\t\t\t\t\t\t\t\t\t\t\t\t\t\t<img loading=\"lazy\" decoding=\"async\" src=\"https:\/\/nextreklama.pl\/wp-content\/uploads\/2025\/08\/natura-zagan-4-1-320x250.jpg\" alt=\"Oklejanie szyb i witryn\" width=\"320\" height=\"250\" \/>\t\t\t\t\t\t\t\t\t\t\t\t\t\t<\/a>\n\t\t\t\t\t\t<\/div>\n\t\t\t\t\t<div class=\"edgtf-gallery-image\">\n\t\t\t\t\t\t\t\t<a href=\"https:\/\/nextreklama.pl\/wp-content\/uploads\/2025\/08\/hossa.jpg\" data-rel=\"prettyPhoto[single_pretty_photo]\" title=\"Oklejanie szyb i witryn\">\n\t\t\t\t\t\t\t\t\t\t\t\t\t\t\t\t<img loading=\"lazy\" decoding=\"async\" src=\"https:\/\/nextreklama.pl\/wp-content\/uploads\/2025\/08\/hossa-320x250.jpg\" alt=\"Oklejanie szyb i witryn\" width=\"320\" height=\"250\" \/>\t\t\t\t\t\t\t\t\t\t\t\t\t\t<\/a>\n\t\t\t\t\t\t<\/div>\n\t\t\t\t\t<div class=\"edgtf-gallery-image\">\n\t\t\t\t\t\t\t\t<a href=\"https:\/\/nextreklama.pl\/wp-content\/uploads\/2025\/08\/lody-fit.jpg\" data-rel=\"prettyPhoto[single_pretty_photo]\" title=\"Oklejanie szyb i witryn\">\n\t\t\t\t\t\t\t\t\t\t\t\t\t\t\t\t<img loading=\"lazy\" decoding=\"async\" src=\"https:\/\/nextreklama.pl\/wp-content\/uploads\/2025\/08\/lody-fit-320x250.jpg\" alt=\"Oklejanie szyb i witryn\" width=\"320\" height=\"250\" \/>\t\t\t\t\t\t\t\t\t\t\t\t\t\t<\/a>\n\t\t\t\t\t\t<\/div>\n\t\t\t\t\t<div class=\"edgtf-gallery-image\">\n\t\t\t\t\t\t\t\t<a href=\"https:\/\/nextreklama.pl\/wp-content\/uploads\/2025\/08\/lody-fit-1.jpg\" data-rel=\"prettyPhoto[single_pretty_photo]\" title=\"Oklejanie szyb i witryn\">\n\t\t\t\t\t\t\t\t\t\t\t\t\t\t\t\t<img loading=\"lazy\" decoding=\"async\" src=\"https:\/\/nextreklama.pl\/wp-content\/uploads\/2025\/08\/lody-fit-1-320x250.jpg\" alt=\"Oklejanie szyb i witryn\" width=\"320\" height=\"250\" \/>\t\t\t\t\t\t\t\t\t\t\t\t\t\t<\/a>\n\t\t\t\t\t\t<\/div>\n\t\t\t\t\t<div class=\"edgtf-gallery-image\">\n\t\t\t\t\t\t\t\t<a href=\"https:\/\/nextreklama.pl\/wp-content\/uploads\/2025\/08\/fair.jpg\" data-rel=\"prettyPhoto[single_pretty_photo]\" title=\"Oklejanie szyb i witryn\">\n\t\t\t\t\t\t\t\t\t\t\t\t\t\t\t\t<img loading=\"lazy\" decoding=\"async\" src=\"https:\/\/nextreklama.pl\/wp-content\/uploads\/2025\/08\/fair-320x250.jpg\" alt=\"Oklejanie szyb i witryn\" width=\"320\" height=\"250\" \/>\t\t\t\t\t\t\t\t\t\t\t\t\t\t<\/a>\n\t\t\t\t\t\t<\/div>\n\t\t\t\t\t<div class=\"edgtf-gallery-image\">\n\t\t\t\t\t\t\t\t<a href=\"https:\/\/nextreklama.pl\/wp-content\/uploads\/2025\/08\/galeria-1-.jpg\" data-rel=\"prettyPhoto[single_pretty_photo]\" title=\"Oklejanie szyb i witryn\">\n\t\t\t\t\t\t\t\t\t\t\t\t\t\t\t\t<img loading=\"lazy\" decoding=\"async\" src=\"https:\/\/nextreklama.pl\/wp-content\/uploads\/2025\/08\/galeria-1--320x250.jpg\" alt=\"Oklejanie szyb i witryn\" width=\"320\" height=\"250\" \/>\t\t\t\t\t\t\t\t\t\t\t\t\t\t<\/a>\n\t\t\t\t\t\t<\/div>\n\t\t\t\t\t<div class=\"edgtf-gallery-image\">\n\t\t\t\t\t\t\t\t<a href=\"https:\/\/nextreklama.pl\/wp-content\/uploads\/2025\/08\/galeria-rotated.jpg\" data-rel=\"prettyPhoto[single_pretty_photo]\" title=\"Oklejanie szyb i witryn\">\n\t\t\t\t\t\t\t\t\t\t\t\t\t\t\t\t<img loading=\"lazy\" decoding=\"async\" src=\"https:\/\/nextreklama.pl\/wp-content\/uploads\/2025\/08\/galeria-rotated-320x250.jpg\" alt=\"Oklejanie szyb i witryn\" width=\"320\" height=\"250\" \/>\t\t\t\t\t\t\t\t\t\t\t\t\t\t<\/a>\n\t\t\t\t\t\t<\/div>\n\t\t\t\t\t<div class=\"edgtf-gallery-image\">\n\t\t\t\t\t\t\t\t<a href=\"https:\/\/nextreklama.pl\/wp-content\/uploads\/2025\/08\/group.jpg\" data-rel=\"prettyPhoto[single_pretty_photo]\" title=\"Oklejanie szyb i witryn\">\n\t\t\t\t\t\t\t\t\t\t\t\t\t\t\t\t<img loading=\"lazy\" decoding=\"async\" src=\"https:\/\/nextreklama.pl\/wp-content\/uploads\/2025\/08\/group-320x250.jpg\" alt=\"Oklejanie szyb i witryn\" width=\"320\" height=\"250\" \/>\t\t\t\t\t\t\t\t\t\t\t\t\t\t<\/a>\n\t\t\t\t\t\t<\/div>\n\t\t\t\t\t<div class=\"edgtf-gallery-image\">\n\t\t\t\t\t\t\t\t<a href=\"https:\/\/nextreklama.pl\/wp-content\/uploads\/2025\/08\/eurofirany.jpg\" data-rel=\"prettyPhoto[single_pretty_photo]\" title=\"Oklejanie szyb i witryn\">\n\t\t\t\t\t\t\t\t\t\t\t\t\t\t\t\t<img loading=\"lazy\" decoding=\"async\" src=\"https:\/\/nextreklama.pl\/wp-content\/uploads\/2025\/08\/eurofirany-320x250.jpg\" alt=\"Oklejanie szyb i witryn\" width=\"320\" height=\"250\" \/>\t\t\t\t\t\t\t\t\t\t\t\t\t\t<\/a>\n\t\t\t\t\t\t<\/div>\n\t\t\t\t\t<div class=\"edgtf-gallery-image\">\n\t\t\t\t\t\t\t\t<a href=\"https:\/\/nextreklama.pl\/wp-content\/uploads\/2025\/08\/centrum.jpg\" data-rel=\"prettyPhoto[single_pretty_photo]\" title=\"Oklejanie szyb i witryn\">\n\t\t\t\t\t\t\t\t\t\t\t\t\t\t\t\t<img loading=\"lazy\" decoding=\"async\" src=\"https:\/\/nextreklama.pl\/wp-content\/uploads\/2025\/08\/centrum-320x250.jpg\" alt=\"Oklejanie szyb i witryn\" width=\"320\" height=\"250\" \/>\t\t\t\t\t\t\t\t\t\t\t\t\t\t<\/a>\n\t\t\t\t\t\t<\/div>\n\t\t\t\t\t<div class=\"edgtf-gallery-image\">\n\t\t\t\t\t\t\t\t<a href=\"https:\/\/nextreklama.pl\/wp-content\/uploads\/2025\/08\/EUROFIRANY-1.jpg\" data-rel=\"prettyPhoto[single_pretty_photo]\" title=\"Oklejanie szyb i witryn\">\n\t\t\t\t\t\t\t\t\t\t\t\t\t\t\t\t<img loading=\"lazy\" decoding=\"async\" src=\"https:\/\/nextreklama.pl\/wp-content\/uploads\/2025\/08\/EUROFIRANY-1-320x250.jpg\" alt=\"Oklejanie szyb i witryn\" width=\"320\" height=\"250\" \/>\t\t\t\t\t\t\t\t\t\t\t\t\t\t<\/a>\n\t\t\t\t\t\t<\/div>\n\t\t\t\t\t<div class=\"edgtf-gallery-image\">\n\t\t\t\t\t\t\t\t<a href=\"https:\/\/nextreklama.pl\/wp-content\/uploads\/2025\/08\/biuro-podrozy.jpg\" data-rel=\"prettyPhoto[single_pretty_photo]\" title=\"Oklejanie szyb i witryn\">\n\t\t\t\t\t\t\t\t\t\t\t\t\t\t\t\t<img loading=\"lazy\" decoding=\"async\" src=\"https:\/\/nextreklama.pl\/wp-content\/uploads\/2025\/08\/biuro-podrozy-320x250.jpg\" alt=\"Oklejanie szyb i witryn\" width=\"320\" height=\"250\" \/>\t\t\t\t\t\t\t\t\t\t\t\t\t\t<\/a>\n\t\t\t\t\t\t<\/div>\n\t\t\t\t\t<div class=\"edgtf-gallery-image\">\n\t\t\t\t\t\t\t\t<a href=\"https:\/\/nextreklama.pl\/wp-content\/uploads\/2025\/08\/beautyco2.jpg\" data-rel=\"prettyPhoto[single_pretty_photo]\" title=\"Oklejanie szyb i witryn\">\n\t\t\t\t\t\t\t\t\t\t\t\t\t\t\t\t<img loading=\"lazy\" decoding=\"async\" src=\"https:\/\/nextreklama.pl\/wp-content\/uploads\/2025\/08\/beautyco2-320x250.jpg\" alt=\"Oklejanie szyb i witryn\" width=\"320\" height=\"250\" \/>\t\t\t\t\t\t\t\t\t\t\t\t\t\t<\/a>\n\t\t\t\t\t\t<\/div>\n\t\t\t\t\t<div class=\"edgtf-gallery-image\">\n\t\t\t\t\t\t\t\t<a href=\"https:\/\/nextreklama.pl\/wp-content\/uploads\/2025\/08\/berliina.jpg\" data-rel=\"prettyPhoto[single_pretty_photo]\" title=\"Oklejanie szyb i witryn\">\n\t\t\t\t\t\t\t\t\t\t\t\t\t\t\t\t<img loading=\"lazy\" decoding=\"async\" src=\"https:\/\/nextreklama.pl\/wp-content\/uploads\/2025\/08\/berliina-320x250.jpg\" alt=\"Oklejanie szyb i witryn\" width=\"320\" height=\"250\" \/>\t\t\t\t\t\t\t\t\t\t\t\t\t\t<\/a>\n\t\t\t\t\t\t<\/div>\n\t\t\t\t\t<div class=\"edgtf-gallery-image\">\n\t\t\t\t\t\t\t\t<a href=\"https:\/\/nextreklama.pl\/wp-content\/uploads\/2025\/08\/biuro-pogrzebowe.jpg\" data-rel=\"prettyPhoto[single_pretty_photo]\" title=\"Oklejanie szyb i witryn\">\n\t\t\t\t\t\t\t\t\t\t\t\t\t\t\t\t<img loading=\"lazy\" decoding=\"async\" src=\"https:\/\/nextreklama.pl\/wp-content\/uploads\/2025\/08\/biuro-pogrzebowe-320x250.jpg\" alt=\"Oklejanie szyb i witryn\" width=\"320\" height=\"250\" \/>\t\t\t\t\t\t\t\t\t\t\t\t\t\t<\/a>\n\t\t\t\t\t\t<\/div>\n\t\t\t\t\t<div class=\"edgtf-gallery-image\">\n\t\t\t\t\t\t\t\t<a href=\"https:\/\/nextreklama.pl\/wp-content\/uploads\/2025\/08\/beautyco3.jpg\" data-rel=\"prettyPhoto[single_pretty_photo]\" title=\"Oklejanie szyb i witryn\">\n\t\t\t\t\t\t\t\t\t\t\t\t\t\t\t\t<img loading=\"lazy\" decoding=\"async\" src=\"https:\/\/nextreklama.pl\/wp-content\/uploads\/2025\/08\/beautyco3-320x250.jpg\" alt=\"Oklejanie szyb i witryn\" width=\"320\" height=\"250\" \/>\t\t\t\t\t\t\t\t\t\t\t\t\t\t<\/a>\n\t\t\t\t\t\t<\/div>\n\t\t\t\t\t<div class=\"edgtf-gallery-image\">\n\t\t\t\t\t\t\t\t<a href=\"https:\/\/nextreklama.pl\/wp-content\/uploads\/2025\/08\/antykwariat.jpg\" data-rel=\"prettyPhoto[single_pretty_photo]\" title=\"Oklejanie szyb i witryn\">\n\t\t\t\t\t\t\t\t\t\t\t\t\t\t\t\t<img loading=\"lazy\" decoding=\"async\" src=\"https:\/\/nextreklama.pl\/wp-content\/uploads\/2025\/08\/antykwariat-320x250.jpg\" alt=\"Oklejanie szyb i witryn\" width=\"320\" height=\"250\" \/>\t\t\t\t\t\t\t\t\t\t\t\t\t\t<\/a>\n\t\t\t\t\t\t<\/div>\n\t\t\t\t\t<div class=\"edgtf-gallery-image\">\n\t\t\t\t\t\t\t\t<a href=\"https:\/\/nextreklama.pl\/wp-content\/uploads\/2025\/08\/beautyco-1.jpg\" data-rel=\"prettyPhoto[single_pretty_photo]\" title=\"Oklejanie szyb i witryn\">\n\t\t\t\t\t\t\t\t\t\t\t\t\t\t\t\t<img loading=\"lazy\" decoding=\"async\" src=\"https:\/\/nextreklama.pl\/wp-content\/uploads\/2025\/08\/beautyco-1-320x250.jpg\" alt=\"Oklejanie szyb i witryn\" width=\"320\" height=\"250\" \/>\t\t\t\t\t\t\t\t\t\t\t\t\t\t<\/a>\n\t\t\t\t\t\t<\/div>\n\t\t\t\t\t<div class=\"edgtf-gallery-image\">\n\t\t\t\t\t\t\t\t<a href=\"https:\/\/nextreklama.pl\/wp-content\/uploads\/2025\/08\/agza-med.jpg\" data-rel=\"prettyPhoto[single_pretty_photo]\" title=\"Oklejanie szyb i witryn\">\n\t\t\t\t\t\t\t\t\t\t\t\t\t\t\t\t<img loading=\"lazy\" decoding=\"async\" src=\"https:\/\/nextreklama.pl\/wp-content\/uploads\/2025\/08\/agza-med-320x250.jpg\" alt=\"Oklejanie szyb i witryn\" width=\"320\" height=\"250\" \/>\t\t\t\t\t\t\t\t\t\t\t\t\t\t<\/a>\n\t\t\t\t\t\t<\/div>\n\t\t\t\t\t<div class=\"edgtf-gallery-image\">\n\t\t\t\t\t\t\t\t<a href=\"https:\/\/nextreklama.pl\/wp-content\/uploads\/2025\/08\/mili.jpg\" data-rel=\"prettyPhoto[single_pretty_photo]\" title=\"Oklejanie szyb i witryn\">\n\t\t\t\t\t\t\t\t\t\t\t\t\t\t\t\t<img loading=\"lazy\" decoding=\"async\" src=\"https:\/\/nextreklama.pl\/wp-content\/uploads\/2025\/08\/mili-320x250.jpg\" alt=\"Oklejanie szyb i witryn\" width=\"320\" height=\"250\" \/>\t\t\t\t\t\t\t\t\t\t\t\t\t\t<\/a>\n\t\t\t\t\t\t<\/div>\n\t\t\t\t\t<div class=\"edgtf-gallery-image\">\n\t\t\t\t\t\t\t\t<a href=\"https:\/\/nextreklama.pl\/wp-content\/uploads\/2025\/08\/apteka-1.jpg\" data-rel=\"prettyPhoto[single_pretty_photo]\" title=\"Oklejanie szyb i witryn\">\n\t\t\t\t\t\t\t\t\t\t\t\t\t\t\t\t<img loading=\"lazy\" decoding=\"async\" src=\"https:\/\/nextreklama.pl\/wp-content\/uploads\/2025\/08\/apteka-1-320x250.jpg\" alt=\"Oklejanie szyb i witryn\" width=\"320\" height=\"250\" \/>\t\t\t\t\t\t\t\t\t\t\t\t\t\t<\/a>\n\t\t\t\t\t\t<\/div>\n\t\t\t\t\t<div class=\"edgtf-gallery-image\">\n\t\t\t\t\t\t\t\t<a href=\"https:\/\/nextreklama.pl\/wp-content\/uploads\/2025\/08\/nzoz.jpg\" data-rel=\"prettyPhoto[single_pretty_photo]\" title=\"Oklejanie szyb i witryn\">\n\t\t\t\t\t\t\t\t\t\t\t\t\t\t\t\t<img loading=\"lazy\" decoding=\"async\" src=\"https:\/\/nextreklama.pl\/wp-content\/uploads\/2025\/08\/nzoz-320x250.jpg\" alt=\"Oklejanie szyb i witryn\" width=\"320\" height=\"250\" \/>\t\t\t\t\t\t\t\t\t\t\t\t\t\t<\/a>\n\t\t\t\t\t\t<\/div>\n\t\t\t\t\t<div class=\"edgtf-gallery-image\">\n\t\t\t\t\t\t\t\t<a href=\"https:\/\/nextreklama.pl\/wp-content\/uploads\/2025\/08\/antykwariat-1-.jpg\" data-rel=\"prettyPhoto[single_pretty_photo]\" title=\"Oklejanie szyb i witryn\">\n\t\t\t\t\t\t\t\t\t\t\t\t\t\t\t\t<img loading=\"lazy\" decoding=\"async\" src=\"https:\/\/nextreklama.pl\/wp-content\/uploads\/2025\/08\/antykwariat-1--320x250.jpg\" alt=\"Oklejanie szyb i witryn\" width=\"320\" height=\"250\" \/>\t\t\t\t\t\t\t\t\t\t\t\t\t\t<\/a>\n\t\t\t\t\t\t<\/div>\n\t\t\t<\/div>\n<\/div>[\/vc_column][\/vc_row]<\/p>\n<\/div>","protected":false},"excerpt":{"rendered":"<p>[vc_row][vc_column][vc_column_text css=&#8221;&#8221;]Storefronts. Sometimes they are even more important than the goods offered inside. They are the first line of the advertising front. They must harness the flow of the street,&#8230;<\/p>\n","protected":false},"author":1,"featured_media":0,"parent":0,"menu_order":0,"comment_status":"closed","ping_status":"closed","template":"","meta":{"om_disable_all_campaigns":false,"_monsterinsights_skip_tracking":false,"_monsterinsights_sitenote_active":false,"_monsterinsights_sitenote_note":"","_monsterinsights_sitenote_category":0,"footnotes":""},"class_list":["post-7502","page","type-page","status-publish","hentry"],"aioseo_notices":[],"_links":{"self":[{"href":"https:\/\/nextreklama.pl\/index.php\/wp-json\/wp\/v2\/pages\/7502","targetHints":{"allow":["GET"]}}],"collection":[{"href":"https:\/\/nextreklama.pl\/index.php\/wp-json\/wp\/v2\/pages"}],"about":[{"href":"https:\/\/nextreklama.pl\/index.php\/wp-json\/wp\/v2\/types\/page"}],"author":[{"embeddable":true,"href":"https:\/\/nextreklama.pl\/index.php\/wp-json\/wp\/v2\/users\/1"}],"replies":[{"embeddable":true,"href":"https:\/\/nextreklama.pl\/index.php\/wp-json\/wp\/v2\/comments?post=7502"}],"version-history":[{"count":2,"href":"https:\/\/nextreklama.pl\/index.php\/wp-json\/wp\/v2\/pages\/7502\/revisions"}],"predecessor-version":[{"id":7504,"href":"https:\/\/nextreklama.pl\/index.php\/wp-json\/wp\/v2\/pages\/7502\/revisions\/7504"}],"wp:attachment":[{"href":"https:\/\/nextreklama.pl\/index.php\/wp-json\/wp\/v2\/media?parent=7502"}],"curies":[{"name":"wp","href":"https:\/\/api.w.org\/{rel}","templated":true}]}}