{"id":6994,"date":"2025-08-05T23:53:00","date_gmt":"2025-08-05T21:53:00","guid":{"rendered":"http:\/\/serwer363375.lh.pl\/autoinstalator\/serwer363375.lh.pl\/wordpress123131\/?page_id=6994"},"modified":"2026-04-06T16:27:08","modified_gmt":"2026-04-06T14:27:08","slug":"metaloplastyka","status":"publish","type":"page","link":"https:\/\/nextreklama.pl\/index.php\/metaloplastyka\/","title":{"rendered":"Metaloplastyka"},"content":{"rendered":"<div class=\"wpb-content-wrapper\"><p>[vc_row][vc_column][vc_column_text]Do\u015bwiadczenie zdobyli\u015bmy buduj\u0105c konstrukcje stalowe. Rozszerzaj\u0105c profil dzia\u0142alno\u015bci przedstawiamy nasz nowy produkt \u2013 ogrodzenia.<\/p>\n<ul>\n<li>Wszystkie przedstawione poni\u017cej projekty ogrodze\u0144 zosta\u0142y zaprojektowane przez nas i s\u0105 w\u0142asno\u015bci\u0105 firmy next.<\/li>\n<li>Ka\u017cdy z projekt\u00f3w mo\u017cna dowolnie modyfikowa\u0107 do momentu a\u017c spe\u0142ni Pa\u0144stwa oczekiwania.<\/li>\n<li>Wybrany projekt \u201enanosimy\u201d na zdj\u0119cie domu w celu pokazania ko\u0144cowego efektu.<br \/>\nRobimy indywidualne projekty wg wskaz\u00f3wek klienta.<\/li>\n<li>Ka\u017cdy projekt wyceniany jest indywidualnie (to nic nie kosztuje)<\/li>\n<\/ul>\n<p>[\/vc_column_text][vc_empty_space][\/vc_column][\/vc_row][vc_row][vc_column]<div class=\"edgtf-image-gallery\">\n\t<div class=\"edgtf-image-gallery-grid edgtf-gallery-columns-4 edgtf-grayscale\" >\n\t\t\t\t\t<div class=\"edgtf-gallery-image\">\n\t\t\t\t\t\t\t\t<a href=\"https:\/\/nextreklama.pl\/wp-content\/uploads\/2025\/08\/DASZEK.jpg\" data-rel=\"prettyPhoto[single_pretty_photo]\" title=\"Daszek\">\n\t\t\t\t\t\t\t\t\t\t\t\t\t\t\t\t<img loading=\"lazy\" decoding=\"async\" src=\"https:\/\/nextreklama.pl\/wp-content\/uploads\/2025\/08\/DASZEK-320x250.jpg\" alt=\"\" width=\"320\" height=\"250\" \/>\t\t\t\t\t\t\t\t\t\t\t\t\t\t<\/a>\n\t\t\t\t\t\t<\/div>\n\t\t\t\t\t<div class=\"edgtf-gallery-image\">\n\t\t\t\t\t\t\t\t<a href=\"https:\/\/nextreklama.pl\/wp-content\/uploads\/2025\/08\/HARNASIE-4.jpg\" data-rel=\"prettyPhoto[single_pretty_photo]\" title=\"Harnasie\">\n\t\t\t\t\t\t\t\t\t\t\t\t\t\t\t\t<img loading=\"lazy\" decoding=\"async\" src=\"https:\/\/nextreklama.pl\/wp-content\/uploads\/2025\/08\/HARNASIE-4-320x250.jpg\" alt=\"\" width=\"320\" height=\"250\" \/>\t\t\t\t\t\t\t\t\t\t\t\t\t\t<\/a>\n\t\t\t\t\t\t<\/div>\n\t\t\t\t\t<div class=\"edgtf-gallery-image\">\n\t\t\t\t\t\t\t\t<a href=\"https:\/\/nextreklama.pl\/wp-content\/uploads\/2025\/08\/HARNASIE1.jpg\" data-rel=\"prettyPhoto[single_pretty_photo]\" title=\"Harnasie\">\n\t\t\t\t\t\t\t\t\t\t\t\t\t\t\t\t<img loading=\"lazy\" decoding=\"async\" src=\"https:\/\/nextreklama.pl\/wp-content\/uploads\/2025\/08\/HARNASIE1-320x250.jpg\" alt=\"\" width=\"320\" height=\"250\" \/>\t\t\t\t\t\t\t\t\t\t\t\t\t\t<\/a>\n\t\t\t\t\t\t<\/div>\n\t\t\t\t\t<div class=\"edgtf-gallery-image\">\n\t\t\t\t\t\t\t\t<a href=\"https:\/\/nextreklama.pl\/wp-content\/uploads\/2025\/08\/HARNASIE2.jpg\" data-rel=\"prettyPhoto[single_pretty_photo]\" title=\"Harnasie\">\n\t\t\t\t\t\t\t\t\t\t\t\t\t\t\t\t<img loading=\"lazy\" decoding=\"async\" src=\"https:\/\/nextreklama.pl\/wp-content\/uploads\/2025\/08\/HARNASIE2-320x250.jpg\" alt=\"\" width=\"320\" height=\"250\" \/>\t\t\t\t\t\t\t\t\t\t\t\t\t\t<\/a>\n\t\t\t\t\t\t<\/div>\n\t\t\t\t\t<div class=\"edgtf-gallery-image\">\n\t\t\t\t\t\t\t\t<a href=\"https:\/\/nextreklama.pl\/wp-content\/uploads\/2025\/08\/HARNASIE3.jpg\" data-rel=\"prettyPhoto[single_pretty_photo]\" title=\"Harnasie\">\n\t\t\t\t\t\t\t\t\t\t\t\t\t\t\t\t<img loading=\"lazy\" decoding=\"async\" src=\"https:\/\/nextreklama.pl\/wp-content\/uploads\/2025\/08\/HARNASIE3-320x250.jpg\" alt=\"\" width=\"320\" height=\"250\" \/>\t\t\t\t\t\t\t\t\t\t\t\t\t\t<\/a>\n\t\t\t\t\t\t<\/div>\n\t\t\t\t\t<div class=\"edgtf-gallery-image\">\n\t\t\t\t\t\t\t\t<a href=\"https:\/\/nextreklama.pl\/wp-content\/uploads\/2025\/08\/KOZUB2.jpg\" data-rel=\"prettyPhoto[single_pretty_photo]\" title=\"Kozub\">\n\t\t\t\t\t\t\t\t\t\t\t\t\t\t\t\t<img loading=\"lazy\" decoding=\"async\" src=\"https:\/\/nextreklama.pl\/wp-content\/uploads\/2025\/08\/KOZUB2-320x250.jpg\" alt=\"\" width=\"320\" height=\"250\" \/>\t\t\t\t\t\t\t\t\t\t\t\t\t\t<\/a>\n\t\t\t\t\t\t<\/div>\n\t\t\t\t\t<div class=\"edgtf-gallery-image\">\n\t\t\t\t\t\t\t\t<a href=\"https:\/\/nextreklama.pl\/wp-content\/uploads\/2025\/08\/KOZUB3.jpg\" data-rel=\"prettyPhoto[single_pretty_photo]\" title=\"Kozub\">\n\t\t\t\t\t\t\t\t\t\t\t\t\t\t\t\t<img loading=\"lazy\" decoding=\"async\" src=\"https:\/\/nextreklama.pl\/wp-content\/uploads\/2025\/08\/KOZUB3-320x250.jpg\" alt=\"\" width=\"320\" height=\"250\" \/>\t\t\t\t\t\t\t\t\t\t\t\t\t\t<\/a>\n\t\t\t\t\t\t<\/div>\n\t\t\t\t\t<div class=\"edgtf-gallery-image\">\n\t\t\t\t\t\t\t\t<a href=\"https:\/\/nextreklama.pl\/wp-content\/uploads\/2025\/08\/KOZUB4.jpg\" data-rel=\"prettyPhoto[single_pretty_photo]\" title=\"Kozub\">\n\t\t\t\t\t\t\t\t\t\t\t\t\t\t\t\t<img loading=\"lazy\" decoding=\"async\" src=\"https:\/\/nextreklama.pl\/wp-content\/uploads\/2025\/08\/KOZUB4-320x250.jpg\" alt=\"\" width=\"320\" height=\"250\" \/>\t\t\t\t\t\t\t\t\t\t\t\t\t\t<\/a>\n\t\t\t\t\t\t<\/div>\n\t\t\t\t\t<div class=\"edgtf-gallery-image\">\n\t\t\t\t\t\t\t\t<a href=\"https:\/\/nextreklama.pl\/wp-content\/uploads\/2025\/08\/KOZUB5.jpg\" data-rel=\"prettyPhoto[single_pretty_photo]\" title=\"Kozub\">\n\t\t\t\t\t\t\t\t\t\t\t\t\t\t\t\t<img loading=\"lazy\" decoding=\"async\" src=\"https:\/\/nextreklama.pl\/wp-content\/uploads\/2025\/08\/KOZUB5-320x250.jpg\" alt=\"\" width=\"320\" height=\"250\" \/>\t\t\t\t\t\t\t\t\t\t\t\t\t\t<\/a>\n\t\t\t\t\t\t<\/div>\n\t\t\t\t\t<div class=\"edgtf-gallery-image\">\n\t\t\t\t\t\t\t\t<a href=\"https:\/\/nextreklama.pl\/wp-content\/uploads\/2025\/08\/MEDIOS.jpg\" data-rel=\"prettyPhoto[single_pretty_photo]\" title=\"Medios\">\n\t\t\t\t\t\t\t\t\t\t\t\t\t\t\t\t<img loading=\"lazy\" decoding=\"async\" src=\"https:\/\/nextreklama.pl\/wp-content\/uploads\/2025\/08\/MEDIOS-320x250.jpg\" alt=\"\" width=\"320\" height=\"250\" \/>\t\t\t\t\t\t\t\t\t\t\t\t\t\t<\/a>\n\t\t\t\t\t\t<\/div>\n\t\t\t\t\t<div class=\"edgtf-gallery-image\">\n\t\t\t\t\t\t\t\t<a href=\"https:\/\/nextreklama.pl\/wp-content\/uploads\/2025\/08\/PENSJONAT-LAZUR.jpg\" data-rel=\"prettyPhoto[single_pretty_photo]\" title=\"Pensjonat Lazur\">\n\t\t\t\t\t\t\t\t\t\t\t\t\t\t\t\t<img loading=\"lazy\" decoding=\"async\" src=\"https:\/\/nextreklama.pl\/wp-content\/uploads\/2025\/08\/PENSJONAT-LAZUR-320x250.jpg\" alt=\"\" width=\"320\" height=\"250\" \/>\t\t\t\t\t\t\t\t\t\t\t\t\t\t<\/a>\n\t\t\t\t\t\t<\/div>\n\t\t\t\t\t<div class=\"edgtf-gallery-image\">\n\t\t\t\t\t\t\t\t<a href=\"https:\/\/nextreklama.pl\/wp-content\/uploads\/2025\/08\/KOZUB1-e1756324158171.jpg\" data-rel=\"prettyPhoto[single_pretty_photo]\" title=\"Kozub\">\n\t\t\t\t\t\t\t\t\t\t\t\t\t\t\t\t<img loading=\"lazy\" decoding=\"async\" src=\"https:\/\/nextreklama.pl\/wp-content\/uploads\/2025\/08\/KOZUB1-e1756324158171-320x250.jpg\" alt=\"\" width=\"320\" height=\"250\" \/>\t\t\t\t\t\t\t\t\t\t\t\t\t\t<\/a>\n\t\t\t\t\t\t<\/div>\n\t\t\t<\/div>\n<\/div>[\/vc_column][\/vc_row]<\/p>\n<\/div>","protected":false},"excerpt":{"rendered":"<p>[vc_row][vc_column][vc_column_text]Do\u015bwiadczenie zdobyli\u015bmy buduj\u0105c konstrukcje stalowe. Rozszerzaj\u0105c profil dzia\u0142alno\u015bci przedstawiamy nasz nowy produkt \u2013 ogrodzenia. Wszystkie przedstawione poni\u017cej projekty ogrodze\u0144 zosta\u0142y zaprojektowane przez nas i s\u0105 w\u0142asno\u015bci\u0105 firmy next. Ka\u017cdy z&#8230;<\/p>\n","protected":false},"author":1,"featured_media":0,"parent":0,"menu_order":0,"comment_status":"closed","ping_status":"closed","template":"","meta":{"om_disable_all_campaigns":false,"_monsterinsights_skip_tracking":false,"_monsterinsights_sitenote_active":false,"_monsterinsights_sitenote_note":"","_monsterinsights_sitenote_category":0,"footnotes":""},"class_list":["post-6994","page","type-page","status-publish","hentry"],"aioseo_notices":[],"_links":{"self":[{"href":"https:\/\/nextreklama.pl\/index.php\/wp-json\/wp\/v2\/pages\/6994","targetHints":{"allow":["GET"]}}],"collection":[{"href":"https:\/\/nextreklama.pl\/index.php\/wp-json\/wp\/v2\/pages"}],"about":[{"href":"https:\/\/nextreklama.pl\/index.php\/wp-json\/wp\/v2\/types\/page"}],"author":[{"embeddable":true,"href":"https:\/\/nextreklama.pl\/index.php\/wp-json\/wp\/v2\/users\/1"}],"replies":[{"embeddable":true,"href":"https:\/\/nextreklama.pl\/index.php\/wp-json\/wp\/v2\/comments?post=6994"}],"version-history":[{"count":4,"href":"https:\/\/nextreklama.pl\/index.php\/wp-json\/wp\/v2\/pages\/6994\/revisions"}],"predecessor-version":[{"id":7108,"href":"https:\/\/nextreklama.pl\/index.php\/wp-json\/wp\/v2\/pages\/6994\/revisions\/7108"}],"wp:attachment":[{"href":"https:\/\/nextreklama.pl\/index.php\/wp-json\/wp\/v2\/media?parent=6994"}],"curies":[{"name":"wp","href":"https:\/\/api.w.org\/{rel}","templated":true}]}}