{"id":6435,"date":"2025-07-26T18:16:53","date_gmt":"2025-07-26T16:16:53","guid":{"rendered":"http:\/\/serwer363375.lh.pl\/autoinstalator\/serwer363375.lh.pl\/wordpress123131\/?page_id=6435"},"modified":"2026-03-15T01:43:10","modified_gmt":"2026-03-15T00:43:10","slug":"reklama-swietlna","status":"publish","type":"page","link":"https:\/\/nextreklama.pl\/index.php\/reklama-swietlna\/","title":{"rendered":"Reklama \u015bwietlna"},"content":{"rendered":"<div class=\"wpb-content-wrapper\"><p>[vc_row][vc_column][vc_column_text]<\/p>\n<p>Je\u017celi reklama mo\u017ce \u015bwieci\u0107 i b\u0142yszcze\u0107 \u2013 dlaczego tego nie wykorzysta\u0107? Przy okazji, \u015bwiec\u0105ce reklamy s\u0105 bardzo wizerunkowe. Dobrze buduj\u0105 wizerunek, a my dobrze budujemy takie reklamy. Wykorzystujmy diody, \u015bwietl\u00f3wki, neony i wszelkie mo\u017cliwe \u017ar\u00f3d\u0142a \u015bwiat\u0142a. Taka reklama mo\u017ce \u015bwieci\u0107 od przodu, z boku, z ty\u0142u. \u015awiat\u0142o mo\u017ce wychodzi\u0107 punktowo, mo\u017cne reklam\u0119 na\u015bwietla\u0107, mruga\u0107, \u015bciemnia\u0107 si\u0119 i rozja\u015bnia\u0107. Do tego dodajemy pomalowan\u0105 obudow\u0119 z odpowiedniego materia\u0142u oraz lico (prz\u00f3d) reklamy oklejone foli\u0105, z wydrukiem cyfrowym lub form\u0119 przestrzenn\u0105. Wygl\u0105da osza\u0142amiaj\u0105co. Bardzo profesjonalnie. I najwa\u017cniejsze: odpowiednio wyr\u00f3\u017cnia si\u0119 w reklamowym zgie\u0142ku. Jest wiele sposob\u00f3w, by w reklamie powiedzie\u0107:<br \/>\n\u201eUwaga! Mamy co\u015b naprawd\u0119 ciekawego i znacz\u0105cego\u201d.<\/p>\n<p>[\/vc_column_text][vc_column_text]<strong>\u015awiat\u0142o to co\u015b wi\u0119cej \u2013 \u015bwiat\u0142o krzyczy.<\/strong>[\/vc_column_text][vc_empty_space height=&#8221;35px&#8221;][\/vc_column][\/vc_row][vc_row content_aligment=&#8221;center&#8221;][vc_column][vc_gallery type=&#8221;image_grid&#8221; images=&#8221;6558,6557,6554,6556,6555,6553,6552,6551,6541,6549,6546,6550,6545,6547,6540,6539,6537,6535,6534,6530,6532,6529,6526,6531,6527,6528,6523,6522,6525,6519,6515,6510,6517,6513,6511,6509,6504,6506,6502,6500,6495,6497,6494,6493,6496,6492,6491,6487,6488,6489,6490,6486,6483,6481,6482,6479,6480,6476,6467,6475,6474,6472,6473,6470,6462,6463,6458,6460,6459,6457,6456,6452,6454,6451,6448,6450,6439,6447,6445,6446,6499,6468,6444,6442,6443,6440,6548,6469,6498,6484,6471,6544,6524,6477,6438,6521,6512,6536,6518,6533,6453,6478,6505,6464,6461,6465,6455,6516,6507,6485,6501,6508,6503,6449,6466,6543,6538,6514,6441,6542&#8243; img_size=&#8221;300&#215;300&#8243;][\/vc_column][\/vc_row]<\/p>\n<\/div>","protected":false},"excerpt":{"rendered":"<p>[vc_row][vc_column][vc_column_text] Je\u017celi reklama mo\u017ce \u015bwieci\u0107 i b\u0142yszcze\u0107 \u2013 dlaczego tego nie wykorzysta\u0107? Przy okazji, \u015bwiec\u0105ce reklamy s\u0105 bardzo wizerunkowe. Dobrze buduj\u0105 wizerunek, a my dobrze budujemy takie reklamy. Wykorzystujmy diody,&#8230;<\/p>\n","protected":false},"author":1,"featured_media":0,"parent":0,"menu_order":0,"comment_status":"closed","ping_status":"closed","template":"","meta":{"om_disable_all_campaigns":false,"_monsterinsights_skip_tracking":false,"_monsterinsights_sitenote_active":false,"_monsterinsights_sitenote_note":"","_monsterinsights_sitenote_category":0,"footnotes":""},"class_list":["post-6435","page","type-page","status-publish","hentry"],"aioseo_notices":[],"_links":{"self":[{"href":"https:\/\/nextreklama.pl\/index.php\/wp-json\/wp\/v2\/pages\/6435","targetHints":{"allow":["GET"]}}],"collection":[{"href":"https:\/\/nextreklama.pl\/index.php\/wp-json\/wp\/v2\/pages"}],"about":[{"href":"https:\/\/nextreklama.pl\/index.php\/wp-json\/wp\/v2\/types\/page"}],"author":[{"embeddable":true,"href":"https:\/\/nextreklama.pl\/index.php\/wp-json\/wp\/v2\/users\/1"}],"replies":[{"embeddable":true,"href":"https:\/\/nextreklama.pl\/index.php\/wp-json\/wp\/v2\/comments?post=6435"}],"version-history":[{"count":44,"href":"https:\/\/nextreklama.pl\/index.php\/wp-json\/wp\/v2\/pages\/6435\/revisions"}],"predecessor-version":[{"id":6633,"href":"https:\/\/nextreklama.pl\/index.php\/wp-json\/wp\/v2\/pages\/6435\/revisions\/6633"}],"wp:attachment":[{"href":"https:\/\/nextreklama.pl\/index.php\/wp-json\/wp\/v2\/media?parent=6435"}],"curies":[{"name":"wp","href":"https:\/\/api.w.org\/{rel}","templated":true}]}}