{"id":5593,"date":"2025-07-03T07:07:42","date_gmt":"2025-07-03T05:07:42","guid":{"rendered":"http:\/\/serwer363375.lh.pl\/autoinstalator\/serwer363375.lh.pl\/wordpress123131\/?page_id=5593"},"modified":"2026-04-06T09:44:11","modified_gmt":"2026-04-06T07:44:11","slug":"bannery","status":"publish","type":"page","link":"https:\/\/nextreklama.pl\/index.php\/bannery\/","title":{"rendered":"Bannery"},"content":{"rendered":"<div class=\"wpb-content-wrapper\"><p>[vc_row][vc_column][vc_column_text css=&#8221;&#8221;]<\/p>\r\n<h2 class=\"wp-block-heading\"><strong>Banner reklamowy \u2013 klasyka, kt\u00f3ra dzia\u0142a<\/strong><\/h2>\r\n<p><!-- \/wp:post-content -->\u00a0<\/p>\r\n<p><!-- wp:spacer {\"height\":\"20px\"} \/-->\r\n\r\n<!-- wp:paragraph -->Cho\u0107 z pozoru to tylko p\u0142achta materia\u0142u, banner to jedno z najbardziej uniwersalnych i skutecznych narz\u0119dzi reklamy wizualnej. Dzi\u0119ki swojej elastyczno\u015bci sprawdza si\u0119 niemal wsz\u0119dzie \u2013 zar\u00f3wno na zewn\u0105trz, jak i we wn\u0119trzach. Mo\u017cna go zawiesi\u0107 na \u015bcianie sklepu, elewacji budynku, scenie podczas eventu czy w prywatnym ogrodzie.<\/p>\r\n<p><!-- \/wp:paragraph -->\r\n\r\n<!-- wp:paragraph -->Nasze bannery wykonujemy z najwy\u017csz\u0105 staranno\u015bci\u0105 \u2013 druk cyfrowy lub aplikacja folii, solidne obszycie, trwa\u0142e oczkowanie. To rozwi\u0105zanie, kt\u00f3re \u0142\u0105czy estetyk\u0119 z funkcjonalno\u015bci\u0105.<\/p>\r\n<p><!-- \/wp:paragraph -->\r\n\r\n<!-- wp:paragraph -->Dlaczego warto?<br \/>\u2714\u202fLekki i \u0142atwy w monta\u017cu<br \/>\u2714\u202fWyrazisty wizualnie<br \/>\u2714\u202fOdporny na warunki atmosferyczne<br \/>\u2714\u202fAtrakcyjny cenowo<br \/>\u2714 Dowolny rozmiar<br \/>\u2714\u202fWszechstronny w zastosowaniu<\/p>\r\n<p><!-- \/wp:paragraph -->\r\n\r\n<!-- wp:paragraph -->Nie musi by\u0107 gigantyczny, by przyci\u0105ga\u0107 uwag\u0119. <strong>Liczy si\u0119 jako\u015b\u0107, przekaz i forma \u2013 a te u nas zawsze s\u0105 na najwy\u017cszym poziomie.<\/strong><\/p>\r\n<p><!-- \/wp:paragraph -->\r\n\r\n<!-- wp:paragraph --><strong>Zapraszamy do zapoznania si\u0119 z naszymi realizacjami.<\/strong><\/p>\r\n<p>[\/vc_column_text][vc_empty_space height=&#8221;20px&#8221;][\/vc_column][\/vc_row][vc_row][vc_column][vc_gallery type=&#8221;image_grid&#8221; images=&#8221;5603,5632,5631,5630,5629,5621,5622,5623,5624,5625,5626,5628,5620,5619,5617,5612,5613,5614,5615,5616,5618,5607,5611,5610,5609,5606,5605,5604,5599,5600,5601,5602,5627,5608&#8243; img_size=&#8221;300&#215;300&#8243; css=&#8221;&#8221;][\/vc_column][\/vc_row]<\/p><\/div>","protected":false},"excerpt":{"rendered":"<p>[vc_row][vc_column][vc_column_text css=&#8221;&#8221;] Banner reklamowy \u2013 klasyka, kt\u00f3ra dzia\u0142a \u00a0 Cho\u0107 z pozoru to tylko p\u0142achta materia\u0142u, banner to jedno z najbardziej uniwersalnych i skutecznych narz\u0119dzi reklamy wizualnej. Dzi\u0119ki swojej elastyczno\u015bci&#8230;<\/p>\n","protected":false},"author":1,"featured_media":0,"parent":0,"menu_order":0,"comment_status":"closed","ping_status":"closed","template":"","meta":{"om_disable_all_campaigns":false,"_monsterinsights_skip_tracking":false,"_monsterinsights_sitenote_active":false,"_monsterinsights_sitenote_note":"","_monsterinsights_sitenote_category":0,"footnotes":""},"class_list":["post-5593","page","type-page","status-publish","hentry"],"aioseo_notices":[],"_links":{"self":[{"href":"https:\/\/nextreklama.pl\/index.php\/wp-json\/wp\/v2\/pages\/5593","targetHints":{"allow":["GET"]}}],"collection":[{"href":"https:\/\/nextreklama.pl\/index.php\/wp-json\/wp\/v2\/pages"}],"about":[{"href":"https:\/\/nextreklama.pl\/index.php\/wp-json\/wp\/v2\/types\/page"}],"author":[{"embeddable":true,"href":"https:\/\/nextreklama.pl\/index.php\/wp-json\/wp\/v2\/users\/1"}],"replies":[{"embeddable":true,"href":"https:\/\/nextreklama.pl\/index.php\/wp-json\/wp\/v2\/comments?post=5593"}],"version-history":[{"count":13,"href":"https:\/\/nextreklama.pl\/index.php\/wp-json\/wp\/v2\/pages\/5593\/revisions"}],"predecessor-version":[{"id":7278,"href":"https:\/\/nextreklama.pl\/index.php\/wp-json\/wp\/v2\/pages\/5593\/revisions\/7278"}],"wp:attachment":[{"href":"https:\/\/nextreklama.pl\/index.php\/wp-json\/wp\/v2\/media?parent=5593"}],"curies":[{"name":"wp","href":"https:\/\/api.w.org\/{rel}","templated":true}]}}