{"id":2025,"date":"2016-03-08T13:19:27","date_gmt":"2016-03-08T13:19:27","guid":{"rendered":"http:\/\/node.edge-themes.com\/?page_id=2025"},"modified":"2026-03-15T01:32:41","modified_gmt":"2026-03-15T00:32:41","slug":"o-firmie","status":"publish","type":"page","link":"https:\/\/nextreklama.pl\/index.php\/o-firmie\/","title":{"rendered":"O nas"},"content":{"rendered":"<div class=\"wpb-content-wrapper\"><p>[vc_row content_width=&#8221;grid&#8221; css=&#8221;.vc_custom_1457444349806{padding-top: 120px !important;padding-bottom: 63px !important;background-color: #ffffff !important;}&#8221;][vc_column css=&#8221;.vc_custom_1457444690881{padding-right: 5% !important;padding-left: 5% !important;}&#8221; offset=&#8221;vc_col-lg-4 vc_col-md-4&#8243;]<h3 class=\"edgtf-title-with-number\" >\n\t<span class=\"edgtf-twn-number\"><\/span>O FIRMIE<\/h3>[vc_empty_space height=&#8221;22px&#8221;][vc_column_text]W NEXT Reklama zwykle nie korzystamy z podwykonawc\u00f3w. Nam zlecasz zbudowanie reklamy i my j\u0105 budujemy. Posiadamy w\u0142asne zaplecze produkcyjne, dzi\u0119ki czemu ca\u0142y proces \u2013 od projektu graficznego po monta\u017c reklamy \u2013 realizujemy wewn\u0119trznie. Korzystamy z nowoczesnych maszyn i trwa\u0142ych materia\u0142\u00f3w, kt\u00f3re gwarantuj\u0105 estetyczny i d\u0142ugotrwa\u0142y efekt. To rozwi\u0105zanie, kt\u00f3re pozwala nam dzia\u0142a\u0107 szybko, elastycznie i niezawodnie \u2013 bo robimy to z pasj\u0105 i pe\u0142nym zaanga\u017cowaniem.[\/vc_column_text][vc_empty_space height=&#8221;21px&#8221;][vc_column_text]<strong>Budowanie reklamy to powa\u017cna sprawa. Dlatego traktujemy j\u0105 osobi\u015bcie.<\/strong><br \/>\n<strong>A przy tym, oszcz\u0119dzamy Ci nawet po\u0142ow\u0119 koszt\u00f3w.<\/strong>[\/vc_column_text][vc_empty_space height=&#8221;22px&#8221;][\/vc_column][vc_column css=&#8221;.vc_custom_1456752363143{padding-right: 5% !important;padding-left: 5% !important;}&#8221; offset=&#8221;vc_col-lg-4 vc_col-md-4&#8243;]<h3 class=\"edgtf-title-with-number\" >\n\t<span class=\"edgtf-twn-number\"><\/span>NASZ ZESP\u00d3\u0141<\/h3>[vc_empty_space height=&#8221;22px&#8221;][vc_column_text css=&#8221;&#8221;]Budowanie reklamy wymaga wszechstronnego zespo\u0142u specjalist\u00f3w. Dobra ekipa sk\u0142ada si\u0119 z do\u015bwiadczonych i zdolnych autor\u00f3w projekt\u00f3w, odwa\u017cnych i solidnych monter\u00f3w, wyspecjalizowanych grafik\u00f3w, dobrych organizator\u00f3w prac, specjalist\u00f3w od logistyki i administracji. Dlatego w NEXT Reklama zgromadzili\u015bmy do\u015bwiadczony zesp\u00f3\u0142 ekspert\u00f3w. Ka\u017cdy z nas ma wieloletnie do\u015bwiadczenie w pracy, kt\u00f3r\u0105 wykonuje \u2013 zdobyte w Polsce i Europie we wsp\u00f3\u0142pracy z firmami z r\u00f3\u017cnych bran\u017c. \u0141\u0105czy nas umiej\u0119tno\u015b\u0107 solidnego budowania reklam. Doskonale si\u0119 rozumiemy. Pomys\u0142owo\u015b\u0107 i praktyczny zmys\u0142 technicznych specjalist\u00f3w \u0142\u0105czymy z rzetelnym i profesjonalnym podej\u015bciem do pracy.[\/vc_column_text][vc_empty_space height=&#8221;22px&#8221;][vc_column_text]<strong>Potrafimy budowa\u0107 od podstaw do ko\u0144cowego szlifu.<br \/>\nTrafi\u0142e\u015b do firmy profesjonalist\u00f3w.<\/strong>[\/vc_column_text][vc_empty_space height=&#8221;22px&#8221;][\/vc_column][vc_column css=&#8221;.vc_custom_1456752451479{padding-right: 5% !important;padding-left: 5% !important;}&#8221; offset=&#8221;vc_col-lg-4 vc_col-md-4&#8243;]<h3 class=\"edgtf-title-with-number\" >\n\t<span class=\"edgtf-twn-number\"><\/span>TECHNOLOGIA I ZAPLECZE<\/h3>[vc_empty_space height=&#8221;22px&#8221;][vc_column_text]Mamy w\u0142asny, doskonale wyposa\u017cony warsztat pracy. Plotery tn\u0105ce i termiczne, frezarki, migomaty, skrawarki, pi\u0142y, wiertarki, laserowe poziomice, prasy pneumatyczne i wiele innych. Mamy sprz\u0119t do prac wysoko\u015bciowych i urz\u0105dzenia w\u0142asnej konstrukcji do konkretnych zada\u0144.[\/vc_column_text][vc_empty_space height=&#8221;21px&#8221;][vc_column_text]Dysponujemy tak\u017ce <strong data-start=\"531\" data-end=\"564\">nowoczesn\u0105 malarni\u0105 proszkow\u0105<\/strong>, kt\u00f3ra pozwala na precyzyjne i trwa\u0142e wyko\u0144czenie element\u00f3w stalowych i aluminiowych \u2013 idealne zar\u00f3wno do reklamy zewn\u0119trznej, jak i pozosta\u0142ych element\u00f3w wymagaj\u0105cych takiej technologii malowania.. To nie tylko wygoda dla klienta, ale tak\u017ce jako\u015b\u0107 i kr\u00f3tszy terminem realizacji.[\/vc_column_text][vc_empty_space height=&#8221;21px&#8221;]<a href=\"https:\/\/malarnia-perfect.pl\" target=\"_blank\" style=\"color: #000000\" class=\"edgtf-btn edgtf-btn-large edgtf-btn-transparent edgtf-btn-custom-hover-color edgtf-btn-icon\" data-hover-color=\"#ffc000\" >\n\t<span class=\"edgtf-btn-text\">Malarnia Perfect<\/span>\n    <i class=\"edgtf-icon-linear-icon lnr lnr-arrow-right \" ><\/i><\/a>[vc_empty_space height=&#8221;21px&#8221;][\/vc_column][\/vc_row][vc_row content_width=&#8221;grid&#8221; css=&#8221;.vc_custom_1457435110103{padding-top: 82px !important;padding-bottom: 75px !important;background-color: #f5f5f5 !important;}&#8221;][vc_column width=&#8221;1\/2&#8243;][vc_single_image image=&#8221;5950&#8243; img_size=&#8221;full&#8221; alignment=&#8221;center&#8221;][\/vc_column][vc_column width=&#8221;1\/2&#8243;][vc_column_text]<\/p>\n<h4><strong>Zesp\u00f3\u0142, kt\u00f3remu mo\u017cesz zaufa\u0107:<\/strong><\/h4>\n<p>[\/vc_column_text][vc_empty_space height=&#8221;40px&#8221;]<div class=\"edgtf-unordered-list  edgtf-circle\" >\n<ul>\n<li>Graficy kreatywni \/ projektanci graficzni<\/li>\n<li>Specjali\u015bci ds. DTP \/ przygotowania do druku<\/li>\n<li>Specjali\u015bci ds. reklamy zewn\u0119trznej \/ medi\u00f3w OOH<\/li>\n<li>Copywriterzy<\/li>\n<li>Fotograficy \/ specjali\u015bci ds. wizualizacji<\/li>\n<li>Technolodzy produkcji reklam \/ drukarze wielkoformatowi<\/li>\n<li>Koordynator produkcji<\/li>\n<li>Monta\u017cy\u015bci reklam zewn\u0119trznych<\/li>\n<\/ul>\n<\/div>[vc_empty_space height=&#8221;40px&#8221;][\/vc_column][\/vc_row][vc_row content_width=&#8221;grid&#8221; css=&#8221;.vc_custom_1753291082530{padding-top: 82px !important;padding-bottom: 75px !important;background-color: #ffffff !important;}&#8221;][vc_column width=&#8221;1\/2&#8243;]<h2 class=\"edgtf-title-with-dots\" >\n\tNASZE ATUTY<\/h2>[vc_empty_space height=&#8221;22px&#8221;][vc_column_text]<\/p>\n<p data-start=\"301\" data-end=\"636\">Next Reklama to sprawdzony partner w dziedzinie reklamy zewn\u0119trznej. Od lat dzia\u0142amy na rynku, zdobywaj\u0105c do\u015bwiadczenie, kt\u00f3re dzi\u015b przek\u0142ada si\u0119 na realne efekty naszych realizacji. Obs\u0142u\u017cyli\u015bmy ju\u017c ponad tysi\u0105c klient\u00f3w \u2013 firm, instytucji i przedsi\u0119biorc\u00f3w \u2013 kt\u00f3rzy ceni\u0105 nas za skuteczno\u015b\u0107 i profesjonalizm.<\/p>\n<p data-start=\"638\" data-end=\"917\">Nasz\u0105 mocn\u0105 stron\u0105 jest kompleksowa obs\u0142uga \u2013 od szybkiego przygotowania koncepcji &#8211; nawet w 24 godziny, przez projekt graficzny i doradztwo techniczne, a\u017c po produkcj\u0119 i monta\u017c. Dzi\u0119ki temu nasi klienci mog\u0105 liczy\u0107 na sp\u00f3jny efekt i pe\u0142ne wsparcie na ka\u017cdym etapie wsp\u00f3\u0142pracy.<\/p>\n<p data-start=\"919\" data-end=\"1176\">Znamy rynek, mamy w\u0142asne zaplecze produkcyjne i zesp\u00f3\u0142 do\u015bwiadczonych specjalist\u00f3w, kt\u00f3ry potrafi dopasowa\u0107 odpowiednie rozwi\u0105zania do miejsca, bud\u017cetu i celu reklamy.<\/p>\n<p>[\/vc_column_text][vc_empty_space height=&#8221;22px&#8221;][\/vc_column][vc_column width=&#8221;1\/2&#8243;][vc_empty_space height=&#8221;20px&#8221;][vc_row_inner][vc_column_inner width=&#8221;1\/2&#8243;]<div class=\"edgtf-pie-chart-with-icon-holder\">\n\t<div class=\"edgtf-percentage-with-icon\" data-percent=\"100\" data-bar-color=\"#FE6C09\" data-track-color=\"#B8B8B8\">\n\t\t<i class=\"edgtf-icon-simple-line-icon icon-clock \" style=\"color: #000000\" ><\/i>\t<\/div>\n\t<div class=\"edgtf-pie-chart-text\" >\n\t\t<h4 class=\"edgtf-pie-title\" style=\"color: #000000\">\n\t\t\t20 lat do\u015bwiadczenia\t\t<\/h4>\n\t\t<p><\/p>\n\t<\/div>\n<\/div>[\/vc_column_inner][vc_column_inner width=&#8221;1\/2&#8243;]<div class=\"edgtf-pie-chart-with-icon-holder\">\n\t<div class=\"edgtf-percentage-with-icon\" data-percent=\"100\" data-bar-color=\"#FE6C09\" data-track-color=\"#B8B8B8\">\n\t\t<i class=\"edgtf-icon-linear-icon lnr lnr-users \" style=\"color: #000000\" ><\/i>\t<\/div>\n\t<div class=\"edgtf-pie-chart-text\" >\n\t\t<h4 class=\"edgtf-pie-title\" >\n\t\t\t1200 zadowolonych klient\u00f3w\t\t<\/h4>\n\t\t<p><\/p>\n\t<\/div>\n<\/div>[\/vc_column_inner][\/vc_row_inner][\/vc_column][\/vc_row][vc_row css=&#8221;.vc_custom_1753295574539{margin-top: 60px !important;}&#8221;][vc_column][vc_column_text]<\/p>\n<h2 style=\"text-align: center;\">TAK M\u00d3WI\u0104 O NEXT REKLAMA<\/h2>\n<p>[\/vc_column_text][vc_empty_space height=&#8221;30&#8243;]<div class=\"edgtf-testimonials-holder clearfix\"><div class=\"edgtf-slick-slider-navigation-style edgtf-testimonials edgtf-testimonials-type-carousel edgtf-light-dots\" ><div id=\"edgtf-testimonials7497\" class=\"edgtf-testimonial-content\">\n\t<div class=\"edgtf-testimonial-content-inner\">\n\t\t<div class=\"edgtf-testimonial-text-holder\">\n\t\t\t<div class=\"edgtf-testimonial-text-inner\">\n\t\t\t\t\t\t\t\t\t<h4 class=\"edgtf-testimonial-title\">\n\t\t\t\t\t\tLong-term cooperation\t\t\t\t\t<\/h4>\n\t\t\t\t\t\t\t\t<p class=\"edgtf-testimonial-text\" >\"We have been working with Next Reklama for many years and can always count on their punctuality and high quality of service. Highly recommended.\"<\/p>\n\t\t\t<\/div>\n\t\t\t<span class=\"edgtf-testimonial-arrow\"><\/span>\n\t\t<\/div>\n\t\t<div class=\"edgtf-testimonial-carousel-bottom\">\n\t\t\t\t\t\t\t<div class=\"edgtf-testimonial-image-holder\">\n\t\t\t\t\t<img loading=\"lazy\" decoding=\"async\" width=\"70\" height=\"70\" src=\"https:\/\/nextreklama.pl\/wp-content\/uploads\/2016\/02\/Testimonials_AR3.png\" class=\"attachment-7497 size-7497 wp-post-image\" alt=\"Artur Rydzewski\" \/>\t\t\t\t<\/div>\n\t\t\t\t\t\t\t\t\t\t<div class = \"edgtf-testimonial-author\">\n\t\t\t\t\t<h6 class=\"edgtf-testimonial-author-text\" >\n\t\t\t\t\t\tArtur Rydzewski\t\t\t\t\t<\/h6>\n\t\t\t\t\t\t\t\t\t\t\t<span class=\"edgtf-testimonials-job\">Puccini<\/span>\n\t\t\t\t\t\t\t\t\t<\/div>\n\t\t\t\t\t<\/div>\n\t<\/div>\n<\/div>\n<div id=\"edgtf-testimonials346\" class=\"edgtf-testimonial-content\">\n\t<div class=\"edgtf-testimonial-content-inner\">\n\t\t<div class=\"edgtf-testimonial-text-holder\">\n\t\t\t<div class=\"edgtf-testimonial-text-inner\">\n\t\t\t\t\t\t\t\t\t<h4 class=\"edgtf-testimonial-title\">\n\t\t\t\t\t\tLong-term cooperation\t\t\t\t\t<\/h4>\n\t\t\t\t\t\t\t\t<p class=\"edgtf-testimonial-text\" >\"We have been working with Next Reklama for many years and can always count on their punctuality and high quality of service. Highly recommended.\"<\/p>\n\t\t\t<\/div>\n\t\t\t<span class=\"edgtf-testimonial-arrow\"><\/span>\n\t\t<\/div>\n\t\t<div class=\"edgtf-testimonial-carousel-bottom\">\n\t\t\t\t\t\t\t<div class=\"edgtf-testimonial-image-holder\">\n\t\t\t\t\t<img loading=\"lazy\" decoding=\"async\" width=\"70\" height=\"70\" src=\"https:\/\/nextreklama.pl\/wp-content\/uploads\/2016\/02\/Testimonials_AR3.png\" class=\"attachment-346 size-346 wp-post-image\" alt=\"Artur Rydzewski\" \/>\t\t\t\t<\/div>\n\t\t\t\t\t\t\t\t\t\t<div class = \"edgtf-testimonial-author\">\n\t\t\t\t\t<h6 class=\"edgtf-testimonial-author-text\" >\n\t\t\t\t\t\tArtur Rydzewski\t\t\t\t\t<\/h6>\n\t\t\t\t\t\t\t\t\t\t\t<span class=\"edgtf-testimonials-job\">Puccini<\/span>\n\t\t\t\t\t\t\t\t\t<\/div>\n\t\t\t\t\t<\/div>\n\t<\/div>\n<\/div>\n<div id=\"edgtf-testimonials7498\" class=\"edgtf-testimonial-content\">\n\t<div class=\"edgtf-testimonial-content-inner\">\n\t\t<div class=\"edgtf-testimonial-text-holder\">\n\t\t\t<div class=\"edgtf-testimonial-text-inner\">\n\t\t\t\t\t\t\t\t\t<h4 class=\"edgtf-testimonial-title\">\n\t\t\t\t\t\tCreative concepts\t\t\t\t\t<\/h4>\n\t\t\t\t\t\t\t\t<p class=\"edgtf-testimonial-text\" >\"Next Reklama is a reliable and proven Partner with whom we have been realizing our most creative ideas for nearly 10 years.\"<\/p>\n\t\t\t<\/div>\n\t\t\t<span class=\"edgtf-testimonial-arrow\"><\/span>\n\t\t<\/div>\n\t\t<div class=\"edgtf-testimonial-carousel-bottom\">\n\t\t\t\t\t\t\t<div class=\"edgtf-testimonial-image-holder\">\n\t\t\t\t\t<img loading=\"lazy\" decoding=\"async\" width=\"70\" height=\"70\" src=\"https:\/\/nextreklama.pl\/wp-content\/uploads\/2016\/02\/TestimonialsDK.png\" class=\"attachment-7498 size-7498 wp-post-image\" alt=\"Daniel Kr\u0119pa\" \/>\t\t\t\t<\/div>\n\t\t\t\t\t\t\t\t\t\t<div class = \"edgtf-testimonial-author\">\n\t\t\t\t\t<h6 class=\"edgtf-testimonial-author-text\" >\n\t\t\t\t\t\tDaniel Kr\u0119pa\t\t\t\t\t<\/h6>\n\t\t\t\t\t\t\t\t\t\t\t<span class=\"edgtf-testimonials-job\">Extreme Wolf<\/span>\n\t\t\t\t\t\t\t\t\t<\/div>\n\t\t\t\t\t<\/div>\n\t<\/div>\n<\/div>\n<div id=\"edgtf-testimonials347\" class=\"edgtf-testimonial-content\">\n\t<div class=\"edgtf-testimonial-content-inner\">\n\t\t<div class=\"edgtf-testimonial-text-holder\">\n\t\t\t<div class=\"edgtf-testimonial-text-inner\">\n\t\t\t\t\t\t\t\t\t<h4 class=\"edgtf-testimonial-title\">\n\t\t\t\t\t\tCreative concepts\t\t\t\t\t<\/h4>\n\t\t\t\t\t\t\t\t<p class=\"edgtf-testimonial-text\" >\"Next Reklama is a reliable and proven Partner with whom we have been realizing our most creative ideas for nearly 10 years.\"<\/p>\n\t\t\t<\/div>\n\t\t\t<span class=\"edgtf-testimonial-arrow\"><\/span>\n\t\t<\/div>\n\t\t<div class=\"edgtf-testimonial-carousel-bottom\">\n\t\t\t\t\t\t\t<div class=\"edgtf-testimonial-image-holder\">\n\t\t\t\t\t<img loading=\"lazy\" decoding=\"async\" width=\"70\" height=\"70\" src=\"https:\/\/nextreklama.pl\/wp-content\/uploads\/2016\/02\/TestimonialsDK.png\" class=\"attachment-347 size-347 wp-post-image\" alt=\"Daniel Kr\u0119pa\" \/>\t\t\t\t<\/div>\n\t\t\t\t\t\t\t\t\t\t<div class = \"edgtf-testimonial-author\">\n\t\t\t\t\t<h6 class=\"edgtf-testimonial-author-text\" >\n\t\t\t\t\t\tDaniel Kr\u0119pa\t\t\t\t\t<\/h6>\n\t\t\t\t\t\t\t\t\t\t\t<span class=\"edgtf-testimonials-job\">Extreme Wolf<\/span>\n\t\t\t\t\t\t\t\t\t<\/div>\n\t\t\t\t\t<\/div>\n\t<\/div>\n<\/div>\n<div id=\"edgtf-testimonials7499\" class=\"edgtf-testimonial-content\">\n\t<div class=\"edgtf-testimonial-content-inner\">\n\t\t<div class=\"edgtf-testimonial-text-holder\">\n\t\t\t<div class=\"edgtf-testimonial-text-inner\">\n\t\t\t\t\t\t\t\t\t<h4 class=\"edgtf-testimonial-title\">\n\t\t\t\t\t\tTrusted Partner for Years\t\t\t\t\t<\/h4>\n\t\t\t\t\t\t\t\t<p class=\"edgtf-testimonial-text\" >\u2018\u2019Next Reklama has been our trusted business partner for many years, always delivering projects on time and with exceptional quality.\u2019\u2019<\/p>\n\t\t\t<\/div>\n\t\t\t<span class=\"edgtf-testimonial-arrow\"><\/span>\n\t\t<\/div>\n\t\t<div class=\"edgtf-testimonial-carousel-bottom\">\n\t\t\t\t\t\t\t<div class=\"edgtf-testimonial-image-holder\">\n\t\t\t\t\t<img loading=\"lazy\" decoding=\"async\" width=\"70\" height=\"70\" src=\"https:\/\/nextreklama.pl\/wp-content\/uploads\/2016\/02\/testimonials-image-8.png\" class=\"attachment-7499 size-7499 wp-post-image\" alt=\"p\" \/>\t\t\t\t<\/div>\n\t\t\t\t\t\t\t\t\t\t<div class = \"edgtf-testimonial-author\">\n\t\t\t\t\t<h6 class=\"edgtf-testimonial-author-text\" >\n\t\t\t\t\t\tJamie Driscoll\t\t\t\t\t<\/h6>\n\t\t\t\t\t\t\t\t\t\t\t<span class=\"edgtf-testimonials-job\">BrightVision Media<\/span>\n\t\t\t\t\t\t\t\t\t<\/div>\n\t\t\t\t\t<\/div>\n\t<\/div>\n<\/div>\n<div id=\"edgtf-testimonials348\" class=\"edgtf-testimonial-content\">\n\t<div class=\"edgtf-testimonial-content-inner\">\n\t\t<div class=\"edgtf-testimonial-text-holder\">\n\t\t\t<div class=\"edgtf-testimonial-text-inner\">\n\t\t\t\t\t\t\t\t\t<h4 class=\"edgtf-testimonial-title\">\n\t\t\t\t\t\tTrusted Partner for Years\t\t\t\t\t<\/h4>\n\t\t\t\t\t\t\t\t<p class=\"edgtf-testimonial-text\" >\u2018\u2019Next Reklama has been our trusted business partner for many years, always delivering projects on time and with exceptional quality.\u2019\u2019<\/p>\n\t\t\t<\/div>\n\t\t\t<span class=\"edgtf-testimonial-arrow\"><\/span>\n\t\t<\/div>\n\t\t<div class=\"edgtf-testimonial-carousel-bottom\">\n\t\t\t\t\t\t\t<div class=\"edgtf-testimonial-image-holder\">\n\t\t\t\t\t<img loading=\"lazy\" decoding=\"async\" width=\"70\" height=\"70\" src=\"https:\/\/nextreklama.pl\/wp-content\/uploads\/2016\/02\/testimonials-image-8.png\" class=\"attachment-348 size-348 wp-post-image\" alt=\"p\" \/>\t\t\t\t<\/div>\n\t\t\t\t\t\t\t\t\t\t<div class = \"edgtf-testimonial-author\">\n\t\t\t\t\t<h6 class=\"edgtf-testimonial-author-text\" >\n\t\t\t\t\t\tJamie Driscoll\t\t\t\t\t<\/h6>\n\t\t\t\t\t\t\t\t\t\t\t<span class=\"edgtf-testimonials-job\">BrightVision Media<\/span>\n\t\t\t\t\t\t\t\t\t<\/div>\n\t\t\t\t\t<\/div>\n\t<\/div>\n<\/div>\n<\/div><\/div>[vc_empty_space height=&#8221;100&#8243;][\/vc_column][\/vc_row]<\/p>\n<\/div>","protected":false},"excerpt":{"rendered":"<p>[vc_row content_width=&#8221;grid&#8221; css=&#8221;.vc_custom_1457444349806{padding-top: 120px !important;padding-bottom: 63px !important;background-color: #ffffff !important;}&#8221;][vc_column css=&#8221;.vc_custom_1457444690881{padding-right: 5% !important;padding-left: 5% !important;}&#8221; offset=&#8221;vc_col-lg-4 vc_col-md-4&#8243;][vc_empty_space height=&#8221;22px&#8221;][vc_column_text]W NEXT Reklama zwykle nie korzystamy z podwykonawc\u00f3w. Nam zlecasz zbudowanie reklamy i my&#8230;<\/p>\n","protected":false},"author":1,"featured_media":0,"parent":0,"menu_order":0,"comment_status":"closed","ping_status":"closed","template":"full-width.php","meta":{"om_disable_all_campaigns":false,"_monsterinsights_skip_tracking":false,"_monsterinsights_sitenote_active":false,"_monsterinsights_sitenote_note":"","_monsterinsights_sitenote_category":0,"footnotes":""},"class_list":["post-2025","page","type-page","status-publish","hentry"],"aioseo_notices":[],"_links":{"self":[{"href":"https:\/\/nextreklama.pl\/index.php\/wp-json\/wp\/v2\/pages\/2025","targetHints":{"allow":["GET"]}}],"collection":[{"href":"https:\/\/nextreklama.pl\/index.php\/wp-json\/wp\/v2\/pages"}],"about":[{"href":"https:\/\/nextreklama.pl\/index.php\/wp-json\/wp\/v2\/types\/page"}],"author":[{"embeddable":true,"href":"https:\/\/nextreklama.pl\/index.php\/wp-json\/wp\/v2\/users\/1"}],"replies":[{"embeddable":true,"href":"https:\/\/nextreklama.pl\/index.php\/wp-json\/wp\/v2\/comments?post=2025"}],"version-history":[{"count":56,"href":"https:\/\/nextreklama.pl\/index.php\/wp-json\/wp\/v2\/pages\/2025\/revisions"}],"predecessor-version":[{"id":7134,"href":"https:\/\/nextreklama.pl\/index.php\/wp-json\/wp\/v2\/pages\/2025\/revisions\/7134"}],"wp:attachment":[{"href":"https:\/\/nextreklama.pl\/index.php\/wp-json\/wp\/v2\/media?parent=2025"}],"curies":[{"name":"wp","href":"https:\/\/api.w.org\/{rel}","templated":true}]}}