{"id":1961,"date":"2016-03-08T12:16:05","date_gmt":"2016-03-08T12:16:05","guid":{"rendered":"http:\/\/node.edge-themes.com\/?page_id=1961"},"modified":"2026-04-06T16:12:06","modified_gmt":"2026-04-06T14:12:06","slug":"malarnia-perfect","status":"publish","type":"page","link":"https:\/\/nextreklama.pl\/index.php\/malarnia-perfect\/","title":{"rendered":"Malarnia Perfect"},"content":{"rendered":"<div class=\"wpb-content-wrapper\"><p>[vc_row content_width=&#8221;grid&#8221; content_aligment=&#8221;center&#8221; css=&#8221;.vc_custom_1753515455546{padding-top: 113px !important;padding-bottom: 60px !important;background-color: #ffffff !important;}&#8221;][vc_column][vc_column_text]<\/p>\n<h1 class=\"av-special-heading-tag \">Perfect \u2013 Automatyczna Malarnia Proszkowa<\/h1>\n<p>[\/vc_column_text][vc_empty_space height=&#8221;13px&#8221;][vc_column_text]<\/p>\n<h5>Police \/ Zachodniopomorskie<\/h5>\n<p>[\/vc_column_text]<div class=\"edgtf-separator-holder clearfix  edgtf-separator-center\">\n\t<div class=\"edgtf-separator\" style=\"border-color: #fe6c09;border-style: solid;width: 30px;border-bottom-width: 2px;margin-top: 17px;margin-bottom: 30px\"><\/div>\n<\/div>\n[vc_column_text]<\/p>\n<h4 class=\"av-special-heading-tag \" style=\"text-align: center;\"><span class=\"special_amp\">\u201e<\/span>Perfekcyjne pow\u0142oki, niezr\u00f3wnana trwa\u0142o\u015b\u0107 \u2013 malowanie proszkowe w najlepszym wydaniu.<span class=\"special_amp\">\u201d<\/span><\/h4>\n<p>[\/vc_column_text][vc_empty_space height=&#8221;13px&#8221;][vc_column_text]<\/p>\n<p style=\"text-align: left;\">Malowanie proszkowe to popularna metoda zabezpieczania konstrukcji stalowych i element\u00f3w metalowych wykorzystywanych we wszystkich dziedzinach \u017cycia \u2013 zar\u00f3wno w przemy\u015ble jak i gospodarstwach domowych.<\/p>\n<p style=\"text-align: left;\">Posiada wiele zalet daj\u0105cych tej metodzie przewag\u0119 nad tradycyjnym malowaniem na mokro. Podstawow\u0105 przewag\u0105 malowania proszkowego nad tradycyjnym malowaniem jest trwa\u0142o\u015b\u0107 i odporno\u015b\u0107 wykonanych pow\u0142ok. Detale malowane proszkowo przez d\u0142ugi czas zachowuj\u0105 kolor i po\u0142ysk . S\u0105 odporne na wilgo\u0107, dzia\u0142anie chemikali\u00f3w oraz uszkodzenia mechaniczne.<\/p>\n<p>[\/vc_column_text][\/vc_column][\/vc_row][vc_row content_width=&#8221;grid&#8221; css=&#8221;.vc_custom_1457435110103{padding-top: 82px !important;padding-bottom: 75px !important;background-color: #f5f5f5 !important;}&#8221;][vc_column][vc_video link=&#8221;https:\/\/youtu.be\/TuKGgwLlOh8?si=JsZ7cwajKHdJ6qA6&#8243; align=&#8221;center&#8221;][\/vc_column][\/vc_row][vc_row][vc_column]<div class=\"edgtf-elements-holder edgtf-two-columns edgtf-responsive-mode-1024\" ><div class=\"edgtf-elements-holder-item \"  style=\"background-color: #efefef\">\n\t<div class=\"edgtf-elements-holder-item-inner\">\n\t\t<div class=\"edgtf-elements-holder-item-content edgtf-elements-holder-custom-341702\" style=\"padding: 12.5% 5% 13.5% 32%\">\n\t\t\t\t\t\t<style type=\"text\/css\" data-type=\"edgtf-elements-custom-padding\" scoped>\n\t\t\t\t\t\t\t\t\t@media only screen and (min-width: 1024px) and (max-width: 1280px) {\n\t\t\t\t\t\t.edgtf-elements-holder-item-content.edgtf-elements-holder-custom-341702 {\n\t\t\t\t\t\t\tpadding: 11% 9% 12% 11% !important;\n\t\t\t\t\t\t}\n\t\t\t\t\t}\n\t\t\t\t\t\t\t\t\t\t\t\t@media only screen and (min-width: 768px) and (max-width: 1024px) {\n\t\t\t\t\t.edgtf-elements-holder-item-content.edgtf-elements-holder-custom-341702 {\n\t\t\t\t\t\tpadding: 16% 11% 16% 12% !important;\n\t\t\t\t\t}\n\t\t\t\t}\n\t\t\t\t\t\t\t\t\t\t\t\t@media only screen and (min-width: 600px) and (max-width: 768px) {\n\t\t\t\t\t.edgtf-elements-holder-item-content.edgtf-elements-holder-custom-341702 {\n\t\t\t\t\t\tpadding: 16% 12% 16% 13% !important;\n\t\t\t\t\t}\n\t\t\t\t}\n\t\t\t\t\t\t\t\t\t\t\t\t@media only screen and (min-width: 480px) and (max-width: 600px) {\n\t\t\t\t\t.edgtf-elements-holder-item-content.edgtf-elements-holder-custom-341702 {\n\t\t\t\t\t\tpadding: 16% 12% 16% 13% !important;\n\t\t\t\t\t}\n\t\t\t\t}\n\t\t\t\t\t\t\t\t\t\t\t\t@media only screen and (max-width: 480px) {\n\t\t\t\t\t.edgtf-elements-holder-item-content.edgtf-elements-holder-custom-341702 {\n\t\t\t\t\t\tpadding: 16% 12% 16% 13% !important;\n\t\t\t\t\t}\n\t\t\t\t}\n\t\t\t\t\t\t\t\t<\/style>\n\t\t\t\t\t\t[vc_column_text]<\/p>\n<h2>Zakres us\u0142ug<\/h2>\n<p>[\/vc_column_text][vc_empty_space height=&#8221;15px&#8221;][vc_column_text]<\/p>\n<ul>\n<li>Automatyczne malowanie proszkowe \u2013 dla du\u017cych i powtarzalnych serii.<\/li>\n<li>R\u0119czne malowanie proszkowe \u2013 dla detali o du\u017cych gabarytach i niestandardowych zlece\u0144.<\/li>\n<li>Piaskowanie i \u015brutowanie konstrukcji \u2013 przygotowanie detali do malowania<\/li>\n<\/ul>\n<p>[\/vc_column_text][vc_empty_space height=&#8221;26px&#8221;]<a href=\"https:\/\/malarnia-perfect.pl\/o-nas\/\" target=\"_blank\" style=\"color: #000000\" class=\"edgtf-btn edgtf-btn-medium edgtf-btn-solid edgtf-btn-custom-hover-bg edgtf-btn-custom-hover-color\" data-hover-bg-color=\"#212121\" data-hover-color=\"#ffffff\" >\n\t<span class=\"edgtf-btn-text\">Zakres us\u0142ug<\/span>\n    <\/a>\t\t<\/div>\n\t<\/div>\n<\/div><div class=\"edgtf-elements-holder-item \"  style=\"background-color: #f8f8f8\">\n\t<div class=\"edgtf-elements-holder-item-inner\">\n\t\t<div class=\"edgtf-elements-holder-item-content edgtf-elements-holder-custom-854095\" style=\"padding: 12% 32% 13.5% 11%\">\n\t\t\t\t\t\t<style type=\"text\/css\" data-type=\"edgtf-elements-custom-padding\" scoped>\n\t\t\t\t\t\t\t\t\t@media only screen and (min-width: 1024px) and (max-width: 1280px) {\n\t\t\t\t\t\t.edgtf-elements-holder-item-content.edgtf-elements-holder-custom-854095 {\n\t\t\t\t\t\t\tpadding: 12.5% 10% 12% 11% !important;\n\t\t\t\t\t\t}\n\t\t\t\t\t}\n\t\t\t\t\t\t\t\t\t\t\t\t@media only screen and (min-width: 768px) and (max-width: 1024px) {\n\t\t\t\t\t.edgtf-elements-holder-item-content.edgtf-elements-holder-custom-854095 {\n\t\t\t\t\t\tpadding: 16% 12% 16% 13% !important;\n\t\t\t\t\t}\n\t\t\t\t}\n\t\t\t\t\t\t\t\t\t\t\t\t@media only screen and (min-width: 600px) and (max-width: 768px) {\n\t\t\t\t\t.edgtf-elements-holder-item-content.edgtf-elements-holder-custom-854095 {\n\t\t\t\t\t\tpadding: 16% 12% 16% 13% !important;\n\t\t\t\t\t}\n\t\t\t\t}\n\t\t\t\t\t\t\t\t\t\t\t\t@media only screen and (min-width: 480px) and (max-width: 600px) {\n\t\t\t\t\t.edgtf-elements-holder-item-content.edgtf-elements-holder-custom-854095 {\n\t\t\t\t\t\tpadding: 16% 12% 16% 13% !important;\n\t\t\t\t\t}\n\t\t\t\t}\n\t\t\t\t\t\t\t\t\t\t\t\t@media only screen and (max-width: 480px) {\n\t\t\t\t\t.edgtf-elements-holder-item-content.edgtf-elements-holder-custom-854095 {\n\t\t\t\t\t\tpadding: 16% 12% 16% 13% !important;\n\t\t\t\t\t}\n\t\t\t\t}\n\t\t\t\t\t\t\t\t<\/style>\n\t\t\t\t\t\t[vc_column_text]<\/p>\n<h2>Dlaczego Perfect?<\/h2>\n<p>[\/vc_column_text][vc_empty_space height=&#8221;15px&#8221;][vc_column_text css=&#8221;&#8221;]<\/p>\n<ul>\n<li>Wysoka jako\u015b\u0107<\/li>\n<li>Ekologiczne rozwi\u0105zania<\/li>\n<li>Skr\u00f3cony czas realizacji<\/li>\n<li>Konkurencyjno\u015b\u0107 cenowa<\/li>\n<li>Profesjonalny zesp\u00f3\u0142<\/li>\n<\/ul>\n<p>[\/vc_column_text][vc_empty_space height=&#8221;26px&#8221;]<a href=\"https:\/\/malarnia-perfect.pl\" target=\"_blank\" style=\"color: #ffffff\" class=\"edgtf-btn edgtf-btn-medium edgtf-btn-solid-dark edgtf-btn-custom-hover-color\" data-hover-color=\"#1d1d1d\" >\n\t<span class=\"edgtf-btn-text\">Malarnia Perfect<\/span>\n    <\/a>\t\t<\/div>\n\t<\/div>\n<\/div><\/div>[\/vc_column][\/vc_row]<\/p>\n<\/div>","protected":false},"excerpt":{"rendered":"<p>[vc_row content_width=&#8221;grid&#8221; content_aligment=&#8221;center&#8221; css=&#8221;.vc_custom_1753515455546{padding-top: 113px !important;padding-bottom: 60px !important;background-color: #ffffff !important;}&#8221;][vc_column][vc_column_text] Perfect \u2013 Automatyczna Malarnia Proszkowa [\/vc_column_text][vc_empty_space height=&#8221;13px&#8221;][vc_column_text] Police \/ Zachodniopomorskie [\/vc_column_text][vc_column_text] \u201ePerfekcyjne pow\u0142oki, niezr\u00f3wnana trwa\u0142o\u015b\u0107 \u2013 malowanie proszkowe w najlepszym&#8230;<\/p>\n","protected":false},"author":1,"featured_media":0,"parent":0,"menu_order":0,"comment_status":"closed","ping_status":"closed","template":"full-width.php","meta":{"om_disable_all_campaigns":false,"_monsterinsights_skip_tracking":false,"_monsterinsights_sitenote_active":false,"_monsterinsights_sitenote_note":"","_monsterinsights_sitenote_category":0,"footnotes":""},"class_list":["post-1961","page","type-page","status-publish","hentry"],"aioseo_notices":[],"_links":{"self":[{"href":"https:\/\/nextreklama.pl\/index.php\/wp-json\/wp\/v2\/pages\/1961","targetHints":{"allow":["GET"]}}],"collection":[{"href":"https:\/\/nextreklama.pl\/index.php\/wp-json\/wp\/v2\/pages"}],"about":[{"href":"https:\/\/nextreklama.pl\/index.php\/wp-json\/wp\/v2\/types\/page"}],"author":[{"embeddable":true,"href":"https:\/\/nextreklama.pl\/index.php\/wp-json\/wp\/v2\/users\/1"}],"replies":[{"embeddable":true,"href":"https:\/\/nextreklama.pl\/index.php\/wp-json\/wp\/v2\/comments?post=1961"}],"version-history":[{"count":32,"href":"https:\/\/nextreklama.pl\/index.php\/wp-json\/wp\/v2\/pages\/1961\/revisions"}],"predecessor-version":[{"id":6000,"href":"https:\/\/nextreklama.pl\/index.php\/wp-json\/wp\/v2\/pages\/1961\/revisions\/6000"}],"wp:attachment":[{"href":"https:\/\/nextreklama.pl\/index.php\/wp-json\/wp\/v2\/media?parent=1961"}],"curies":[{"name":"wp","href":"https:\/\/api.w.org\/{rel}","templated":true}]}}